{"id":176,"date":"2025-12-17T08:39:23","date_gmt":"2025-12-17T07:39:23","guid":{"rendered":"https:\/\/ga4-auditor.dev\/politica-de-privacidad\/"},"modified":"2026-01-14T17:16:03","modified_gmt":"2026-01-14T16:16:03","slug":"politica-de-privacidad","status":"publish","type":"page","link":"https:\/\/ga4-auditor.dev\/es\/politica-de-privacidad\/","title":{"rendered":"Pol\u00edtica de privacidad"},"content":{"rendered":"\n<h2 class=\"wp-block-heading\" id=\"1-verantwortlicher\">1) Responsable<\/h2>\n\n<p><strong>Responsable a efectos del RGPD:<\/strong><\/p>\n\n<ul class=\"wp-block-list\">\n<li><strong>Empresa\/Nombre:<\/strong> Bernhard Prange, Webmasterei Prange<\/li>\n\n\n\n<li><strong>Direcci\u00f3n:<\/strong> Weg in der Aue 3, 34128 Kassel, Alemania<\/li>\n\n\n\n<li><strong>Correo electr\u00f3nico:<\/strong> <a href=\"mailto:info@webmasterei-prange.de\">info@webmasterei-prange.de<\/a><\/li>\n<\/ul>\n\n<hr class=\"wp-block-separator has-alpha-channel-opacity\"\/>\n\n<h2 class=\"wp-block-heading\" id=\"2-kurzbeschreibung-der-app\">2) Breve descripci\u00f3n de la aplicaci\u00f3n<\/h2>\n\n<p><strong>GA4 Auditor<\/strong> es una aplicaci\u00f3n web para el an\u00e1lisis de configuraciones de Google Analytics 4 (GA4) y la calidad de los datos.<\/p>\n\n<p>La aplicaci\u00f3n:<\/p>\n\n<ul class=\"wp-block-list\">\n<li>autentica a los usuarios a trav\u00e9s de <strong>Google OAuth (OpenID Connect)<\/strong>,<\/li>\n\n\n\n<li>lee los datos de configuraci\u00f3n a trav\u00e9s de la <strong>API de administraci\u00f3n de GA4<\/strong>,<\/li>\n\n\n\n<li>lee datos agregados de informes y en tiempo real a trav\u00e9s de la <strong>API de datos de GA4<\/strong>,<\/li>\n\n\n\n<li>realiza \u2013opcionalmente\u2013 consultas en un <strong>export de GA4 BigQuery<\/strong> existente (Dataset <code>analytics_&lt;PROPERTY_ID&gt;<\/code>).<\/li>\n<\/ul>\n\n<p>La aplicaci\u00f3n <strong>no escribe datos<\/strong> en GA4 o BigQuery y <strong>no realiza cambios<\/strong> en las configuraciones de GA4.<\/p>\n\n<hr class=\"wp-block-separator has-alpha-channel-opacity\"\/>\n\n<h2 class=\"wp-block-heading\" id=\"3-welche-daten-verarbeiten-wir\">3) \u00bfQu\u00e9 datos procesamos?<\/h2>\n\n<h3 class=\"wp-block-heading\" id=\"31-account--und-profildaten-google-login\">3.1 Datos de cuenta y perfil (inicio de sesi\u00f3n de Google)<\/h3>\n\n<p>Al iniciar sesi\u00f3n a trav\u00e9s de Google OAuth, procesamos en particular:<\/p>\n\n<ul class=\"wp-block-list\">\n<li><strong>Direcci\u00f3n de correo electr\u00f3nico<\/strong><\/li>\n\n\n\n<li><strong>Nombre para mostrar<\/strong><\/li>\n\n\n\n<li><strong>URL de la foto de perfil<\/strong> (opcional)<\/li>\n<\/ul>\n\n<h3 class=\"wp-block-heading\" id=\"32-organisations--workspace--und-property-daten-in-der-app-gepflegt\">3.2 Datos de organizaci\u00f3n, espacio de trabajo y propiedad (mantenidos en la aplicaci\u00f3n)<\/h3>\n\n<p>Para proporcionar las funciones de la aplicaci\u00f3n, almacenamos y procesamos datos de configuraci\u00f3n, en particular:<\/p>\n\n<ul class=\"wp-block-list\">\n<li><strong>Datos de la organizaci\u00f3n:<\/strong> Nombre de la organizaci\u00f3n; opcionalmente datos de la direcci\u00f3n (calle, c\u00f3digo postal, ciudad, pa\u00eds)<\/li>\n\n\n\n<li><strong>Datos del espacio de trabajo:<\/strong> p. ej., ID del proyecto GCP, regi\u00f3n, configuraciones t\u00e9cnicas (p. ej., configuraci\u00f3n de backend\/Dataform) como JSON<\/li>\n\n\n\n<li><strong>Datos de la propiedad:<\/strong> p. ej., ID de propiedad de GA4, proyecto\/ubicaci\u00f3n del conjunto de datos de BigQuery, zona horaria, eventos esperados<\/li>\n\n\n\n<li><strong>Ajustes espec\u00edficos de la propiedad:<\/strong> p. ej., eventos esperados, listas de exclusi\u00f3n<\/li>\n<\/ul>\n\n<p><strong>Medida de protecci\u00f3n:<\/strong> Ciertos identificadores (p. ej., ID de propiedad de GA4) no se guardan en texto sin formato, sino como <strong>hashes HMAC vinculados a la organizaci\u00f3n<\/strong>.<\/p>\n\n<h3 class=\"wp-block-heading\" id=\"33-daten-aus-google-apis-ga4--bigquery\">3.3 Datos de las API de Google (GA4 \/ BigQuery)<\/h3>\n\n<p>Dependiendo de las funciones activadas, la aplicaci\u00f3n procesa datos de los siguientes servicios de Google:<\/p>\n\n<ul class=\"wp-block-list\">\n<li><strong>API de administraci\u00f3n de GA4:<\/strong> p. ej., cuentas, propiedades, vinculaciones de BigQuery, flujos, audiencias, eventos clave, ajustes de privacidad<\/li>\n\n\n\n<li><strong>API de datos de GA4:<\/strong> p. ej., datos agregados de informes y en tiempo real<\/li>\n\n\n\n<li><strong>Google BigQuery (opcional):<\/strong> Ejecuci\u00f3n de consultas en tablas de exportaci\u00f3n de GA4 (<code>events_*<\/code>, <code>events_intraday_*<\/code>) para realizar comprobaciones de calidad y plausibilidad<\/li>\n<\/ul>\n\n<p><strong>Principio:<\/strong> Estos datos se procesan principalmente <strong>en tiempo de ejecuci\u00f3n<\/strong> y se muestran en la interfaz de usuario. No se realiza un <strong>almacenamiento permanente de datos sin procesar de GA4<\/strong>. <\/p>\n\n<h3 class=\"wp-block-heading\" id=\"34-support--und-feedback-daten\">3.4 Datos de soporte y comentarios<\/h3>\n\n<p>Cuando los usuarios utilizan el formulario de comentarios o soporte, procesamos:<\/p>\n\n<ul class=\"wp-block-list\">\n<li>Asunto<\/li>\n\n\n\n<li>Texto del mensaje<\/li>\n\n\n\n<li>Datos del remitente (nombre y correo electr\u00f3nico del inicio de sesi\u00f3n; opcionalmente una direcci\u00f3n de respuesta especificada manualmente)<\/li>\n<\/ul>\n\n<p>La transmisi\u00f3n se realiza por <strong>correo electr\u00f3nico (SMTP)<\/strong> a una direcci\u00f3n de soporte configurada.<\/p>\n\n<h3 class=\"wp-block-heading\" id=\"35-technische-daten-und-server-logs\">3.5 Datos t\u00e9cnicos y registros del servidor<\/h3>\n\n<p>Durante el funcionamiento de la aplicaci\u00f3n, se generan t\u00e9cnicamente, entre otros, los siguientes datos:<\/p>\n\n<ul class=\"wp-block-list\">\n<li>Direcci\u00f3n IP<\/li>\n\n\n\n<li>Fecha y hora del acceso<\/li>\n\n\n\n<li>Metadatos de la solicitud (p. ej., User-Agent)<\/li>\n<\/ul>\n\n<p>Estos datos se procesan para la seguridad operativa, el an\u00e1lisis de errores y la prevenci\u00f3n del uso indebido.<\/p>\n\n<h3 class=\"wp-block-heading\" id=\"36-webanalyse-matomo-self-hosted-%E2%80%93-nur-nach-einwilligung\">3.6 An\u00e1lisis web (Matomo, autoalojado) \u2013 solo con consentimiento<\/h3>\n\n<p>Si utilizamos an\u00e1lisis web, utilizamos <strong>Matomo (autoalojado)<\/strong> para el an\u00e1lisis estad\u00edstico y la mejora de la aplicaci\u00f3n.<\/p>\n\n<ul class=\"wp-block-list\">\n<li>Matomo se activa solo despu\u00e9s de su <strong>consentimiento<\/strong>.<\/li>\n\n\n\n<li>En este proceso, se pueden procesar datos de uso (p. ej., p\u00e1ginas visitadas, interacciones), metadatos t\u00e9cnicos (p. ej., IP acortada\/anonimizada) y un <strong>ID de usuario seud\u00f3nimo<\/strong>.<\/li>\n<\/ul>\n\n<p>En este proceso, <strong>no se transmiten direcciones de correo electr\u00f3nico en texto sin formato<\/strong>, tokens de OAuth o secretos similares a Matomo.<\/p>\n\n<h3 class=\"wp-block-heading\" id=\"37-e-mail-kommunikation-und-kontaktverwaltung-zb-brevo-%E2%80%93-je-nach-konfiguration\">3.7 Comunicaci\u00f3n por correo electr\u00f3nico y gesti\u00f3n de contactos \u2013 seg\u00fan la configuraci\u00f3n<\/h3>\n\n<p>Dependiendo de la configuraci\u00f3n, podemos utilizar un servicio para la comunicaci\u00f3n por correo electr\u00f3nico\/gesti\u00f3n de contactos, p. ej. para:<\/p>\n\n<ul class=\"wp-block-list\">\n<li>Env\u00edo de correos electr\u00f3nicos del sistema (invitaciones, notificaciones)<\/li>\n\n\n\n<li>opcional: informaci\u00f3n relacionada con productos y servicios<\/li>\n<\/ul>\n\n<p>Dependiendo de la funci\u00f3n, se pueden procesar en particular la direcci\u00f3n de correo electr\u00f3nico, el nombre y los atributos relacionados con el uso (p. ej., n\u00famero de inicios de sesi\u00f3n, \u00faltimo inicio de sesi\u00f3n, n\u00famero de propiedades).<\/p>\n\n<p>Los tokens\/secretos de OAuth no se transmiten a los servicios de correo electr\u00f3nico\/marketing.<\/p>\n\n<hr class=\"wp-block-separator has-alpha-channel-opacity\"\/>\n\n<h2 class=\"wp-block-heading\" id=\"4-zwecke-der-verarbeitung\">4) Fines del procesamiento<\/h2>\n\n<p>Procesamos datos personales en particular para los siguientes fines:<\/p>\n\n<ul class=\"wp-block-list\">\n<li>Provisi\u00f3n de funciones de inicio de sesi\u00f3n y cuenta<\/li>\n\n\n\n<li>Gesti\u00f3n de organizaciones, espacios de trabajo y propiedades<\/li>\n\n\n\n<li>Realizaci\u00f3n y visualizaci\u00f3n de an\u00e1lisis de GA4 y (opcionalmente) BigQuery<\/li>\n\n\n\n<li>Env\u00edo de correos electr\u00f3nicos del sistema (p. ej., invitaciones, avisos relevantes para la seguridad)<\/li>\n\n\n\n<li>Env\u00edo de informaci\u00f3n relacionada con productos y servicios a clientes existentes (Soft Opt-in), en la medida en que est\u00e9 permitido y se pueda cancelar en cualquier momento<\/li>\n\n\n\n<li>Tramitaci\u00f3n de solicitudes de soporte y comentarios<\/li>\n\n\n\n<li>Garantizar la seguridad, la estabilidad y la prevenci\u00f3n del uso indebido<\/li>\n\n\n\n<li>opcional: an\u00e1lisis web estad\u00edstico (solo con consentimiento)<\/li>\n<\/ul>\n\n<hr class=\"wp-block-separator has-alpha-channel-opacity\"\/>\n\n<h2 class=\"wp-block-heading\" id=\"5-rechtsgrundlagen\">5) Bases jur\u00eddicas<\/h2>\n\n<p>Dependiendo del proceso de procesamiento, se consideran en particular las siguientes bases jur\u00eddicas:<\/p>\n\n<ul class=\"wp-block-list\">\n<li><strong>Art. 6, apdo. 1, letra b del RGPD<\/strong> (contrato o medidas precontractuales; p. ej., funcionamiento de la cuenta, correos electr\u00f3nicos del sistema)<\/li>\n\n\n\n<li><strong>Art. 6, apdo. 1, letra f del RGPD<\/strong> (inter\u00e9s leg\u00edtimo; p. ej., seguridad inform\u00e1tica, an\u00e1lisis de errores, prevenci\u00f3n del uso indebido)<\/li>\n\n\n\n<li><strong>Art. 6, apdo. 1, letra a del RGPD<\/strong> (consentimiento; p. ej., an\u00e1lisis web, si est\u00e1 activado)<\/li>\n<\/ul>\n\n<p>En la medida en que, en el marco de funciones opcionales, se almacene o lea informaci\u00f3n en el terminal (p. ej., cookies\/ID para el an\u00e1lisis web), esto se realiza \u2013en la medida en que sea necesario\u2013 sobre la base de un <strong>consentimiento seg\u00fan el art\u00edculo 25 de la Ley alemana de protecci\u00f3n de datos en telecomunicaciones y telemedia (TDDDG)<\/strong>.<\/p>\n\n<p>En la medida en que enviemos informaci\u00f3n relacionada con productos y servicios a clientes existentes, nos basamos \u2013siempre que sea aplicable\u2013 en la excepci\u00f3n para clientes existentes (p. ej., <strong>\u00a7 7, apdo. 3 de la Ley alemana contra la competencia desleal (UWG)<\/strong>) y\/o en el <strong>art. 6, apdo. 1, letra f del RGPD<\/strong>. Puede oponerse a este uso en cualquier momento; en cada correo electr\u00f3nico hay una opci\u00f3n para darse de baja. <\/p>\n\n<hr class=\"wp-block-separator has-alpha-channel-opacity\"\/>\n\n<h2 class=\"wp-block-heading\" id=\"6-empf%C3%A4nger-und-auftragsverarbeiter\">6) Destinatarios y encargados del tratamiento<\/h2>\n\n<p>Dependiendo del uso y la configuraci\u00f3n, los datos pueden transmitirse a los siguientes destinatarios o categor\u00edas de proveedores de servicios:<\/p>\n\n<ul class=\"wp-block-list\">\n<li><strong>Google<\/strong> (OAuth, API de administraci\u00f3n de GA4, API de datos de GA4; opcionalmente BigQuery) \u2013 para la provisi\u00f3n de las funciones de Google solicitadas por los usuarios.<\/li>\n\n\n\n<li><strong>Alojamiento\/Funcionamiento de la plataforma<\/strong> (p. ej., Google Cloud Platform) \u2013 Funcionamiento de la infraestructura de la aplicaci\u00f3n.<\/li>\n\n\n\n<li><strong>Proveedor de servicios de correo electr\u00f3nico\/SMTP<\/strong> \u2013 Env\u00edo de invitaciones, correos electr\u00f3nicos del sistema y mensajes de soporte.<\/li>\n\n\n\n<li><strong>An\u00e1lisis web\/Gesti\u00f3n de etiquetas (opcional):<\/strong> Matomo (autoalojado) \u2013 solo con consentimiento.<\/li>\n\n\n\n<li><strong>Gesti\u00f3n de contactos\/Servicio de correo electr\u00f3nico (opcional):<\/strong> p. ej., Brevo \u2013 dependiendo de la configuraci\u00f3n y la base jur\u00eddica.<\/li>\n<\/ul>\n\n<p>Con los proveedores de servicios se celebran \u2013en la medida en que sea necesario\u2013 <strong>contratos de procesamiento de datos (AVV)<\/strong>.<\/p>\n\n<hr class=\"wp-block-separator has-alpha-channel-opacity\"\/>\n\n<h2 class=\"wp-block-heading\" id=\"7-daten%C3%BCbermittlung-in-drittl%C3%A4nder\">7) Transferencia de datos a terceros pa\u00edses<\/h2>\n\n<p>Al utilizar proveedores de servicios externos (en particular <strong>Google<\/strong> y, en su caso, otros proveedores), no se puede descartar un procesamiento o una transmisi\u00f3n de datos personales a terceros pa\u00edses (p. ej., EE. UU.).<\/p>\n\n<p>En la medida en que sea necesario, basamos las transferencias a terceros pa\u00edses en garant\u00edas adecuadas, en particular:<\/p>\n\n<ul class=\"wp-block-list\">\n<li>Decisiones de adecuaci\u00f3n (p. ej., Marco de Privacidad de Datos UE-EE. UU., si es aplicable) y\/o<\/li>\n\n\n\n<li>Cl\u00e1usulas contractuales est\u00e1ndar de la UE (CCS) as\u00ed como medidas adicionales.<\/li>\n<\/ul>\n\n<hr class=\"wp-block-separator has-alpha-channel-opacity\"\/>\n\n<h2 class=\"wp-block-heading\" id=\"8-cookies-sessions-und-einwilligungsmanagement\">8) Cookies, sesiones y gesti\u00f3n del consentimiento<\/h2>\n\n<p>La aplicaci\u00f3n utiliza cookies t\u00e9cnicamente necesarias:<\/p>\n\n<ul class=\"wp-block-list\">\n<li>Cookie de sesi\u00f3n para el inicio de sesi\u00f3n y la gesti\u00f3n de la sesi\u00f3n<\/li>\n\n\n\n<li>Cookie de corta duraci\u00f3n para la transferencia de inicio de sesi\u00f3n de OAuth (solo contiene un ID de transferencia aleatorio, <strong>ning\u00fan token de OAuth<\/strong>)<\/li>\n<\/ul>\n\n<p>Las cookies\/tecnolog\u00edas opcionales (an\u00e1lisis web) se activan \u2013si se utilizan\u2013 solo despu\u00e9s de su <strong>consentimiento<\/strong>.<\/p>\n\n<p>Las cookies se establecen \u2013en la medida en que sea t\u00e9cnicamente posible\u2013 con <strong>HttpOnly<\/strong>, <strong>SameSite=Lax<\/strong> y <strong>Secure<\/strong> (con HTTPS).<\/p>\n\n<hr class=\"wp-block-separator has-alpha-channel-opacity\"\/>\n\n<h2 class=\"wp-block-heading\" id=\"9-speicherdauer-und-l%C3%B6schung\">9) Duraci\u00f3n del almacenamiento y eliminaci\u00f3n<\/h2>\n\n<p>Almacenamos datos personales solo durante el tiempo que sea necesario para los fines respectivos. En la medida en que no existan obligaciones legales de conservaci\u00f3n que se opongan, se aplican en particular los siguientes plazos: <\/p>\n\n<ul class=\"wp-block-list\">\n<li><strong>Datos de cuenta y organizaci\u00f3n:<\/strong> hasta la eliminaci\u00f3n de la cuenta; posteriormente, por lo general, eliminaci\u00f3n\/anonimizaci\u00f3n en un plazo de <strong>30 d\u00edas<\/strong> (en su caso, conservaci\u00f3n m\u00e1s prolongada si es legalmente necesario).<\/li>\n\n\n\n<li><strong>Configuraciones del espacio de trabajo\/propiedad:<\/strong> hasta la eliminaci\u00f3n por parte de la organizaci\u00f3n o hasta la eliminaci\u00f3n de la cuenta; posteriormente, por lo general, eliminaci\u00f3n en un plazo de <strong>30 d\u00edas<\/strong>.<\/li>\n\n\n\n<li><strong>Invitaciones:<\/strong> hasta la aceptaci\u00f3n o el vencimiento; posteriormente, eliminaci\u00f3n por lo general en un plazo de <strong>90 d\u00edas<\/strong>.<\/li>\n\n\n\n<li><strong>Tokens de acceso de OAuth:<\/strong> solo brevemente en la sesi\u00f3n activa (normalmente minutos\/horas).<\/li>\n\n\n\n<li><strong>Tokens de actualizaci\u00f3n de OAuth (si existen):<\/strong> hasta la revocaci\u00f3n por parte del usuario, el vencimiento o la eliminaci\u00f3n de la cuenta; posteriormente, eliminaci\u00f3n por lo general en un plazo de <strong>30 d\u00edas<\/strong>.<\/li>\n\n\n\n<li><strong>Transferencias de inicio de sesi\u00f3n de OAuth (de corta duraci\u00f3n):<\/strong> pocos segundos\/minutos; limpieza autom\u00e1tica a m\u00e1s tardar despu\u00e9s de <strong>24 horas<\/strong>.<\/li>\n\n\n\n<li><strong>Registros del servidor\/Registros de seguridad:<\/strong> por lo general, <strong>14 d\u00edas<\/strong>, a menos que sea necesario durante m\u00e1s tiempo para la aclaraci\u00f3n de un incidente de seguridad.<\/li>\n\n\n\n<li><strong>Comunicaci\u00f3n de soporte\/comentarios:<\/strong> por lo general, hasta <strong>24 meses<\/strong> (o menos, si el prop\u00f3sito deja de existir antes), en su caso, m\u00e1s tiempo en caso de obligaciones legales de prueba.<\/li>\n\n\n\n<li><strong>Copias de seguridad:<\/strong> Las copias de seguridad pueden contener datos hasta <strong>35 d\u00edas<\/strong>; estos se sobrescriben\/eliminan peri\u00f3dicamente.<\/li>\n<\/ul>\n\n<h3 class=\"wp-block-heading\" id=\"91-kontol%C3%B6schung--l%C3%B6schanfragen\">9.1 Eliminaci\u00f3n de la cuenta \/ Solicitudes de eliminaci\u00f3n<\/h3>\n\n<p>Puede solicitar la eliminaci\u00f3n de su cuenta y\/o de sus datos:<\/p>\n\n<ul class=\"wp-block-list\">\n<li>a trav\u00e9s de la configuraci\u00f3n de la aplicaci\u00f3n (si est\u00e1 disponible) o<\/li>\n\n\n\n<li>por correo electr\u00f3nico a <strong><a href=\"mailto:info@webmasterei-prange.de\">info@webmasterei-prange.de<\/a><\/strong><\/li>\n<\/ul>\n\n<p>Tramitamos las solicitudes de eliminaci\u00f3n por lo general en un plazo de <strong>30 d\u00edas<\/strong>, siempre que no existan obligaciones legales que se opongan. <\/p>\n\n<hr class=\"wp-block-separator has-alpha-channel-opacity\"\/>\n\n<h2 class=\"wp-block-heading\" id=\"10-datensicherheit\">10) Seguridad de los datos<\/h2>\n\n<p>Aplicamos medidas t\u00e9cnicas y organizativas adecuadas, entre ellas:<\/p>\n\n<ul class=\"wp-block-list\">\n<li>Cifrado de datos sensibles y tokens \u00aben reposo\u00bb<\/li>\n\n\n\n<li>Cifrado de transporte HTTPS<\/li>\n\n\n\n<li>Concepto de autorizaci\u00f3n y acceso basado en roles<\/li>\n\n\n\n<li>Refuerzo de la configuraci\u00f3n de la sesi\u00f3n y las cookies<\/li>\n<\/ul>\n\n<hr class=\"wp-block-separator has-alpha-channel-opacity\"\/>\n\n<h2 class=\"wp-block-heading\" id=\"11-betroffenenrechte\">11) Derechos de los interesados<\/h2>\n\n<p>Las personas afectadas tienen en particular derecho a:<\/p>\n\n<ul class=\"wp-block-list\">\n<li>Informaci\u00f3n<\/li>\n\n\n\n<li>Rectificaci\u00f3n<\/li>\n\n\n\n<li>Supresi\u00f3n<\/li>\n\n\n\n<li>Limitaci\u00f3n del tratamiento<\/li>\n\n\n\n<li>Portabilidad de los datos<\/li>\n\n\n\n<li>Oposici\u00f3n al tratamiento<\/li>\n\n\n\n<li>Revocaci\u00f3n de los consentimientos otorgados<\/li>\n\n\n\n<li>Reclamaci\u00f3n ante una autoridad de control de la protecci\u00f3n de datos<\/li>\n<\/ul>\n\n<p>Las consultas pueden dirigirse a <strong><a href=\"mailto:info@webmasterei-prange.de\">info@webmasterei-prange.de<\/a><\/strong>.<\/p>\n\n<hr class=\"wp-block-separator has-alpha-channel-opacity\"\/>\n\n<h2 class=\"wp-block-heading\" id=\"12-google-oauth--google-api-nutzung\">12) Google OAuth \/ Uso de la API de Google<\/h2>\n\n<h3 class=\"wp-block-heading\" id=\"121-widerruf-von-google-zugriffen\">12.1 Revocaci\u00f3n de los accesos de Google<\/h3>\n\n<p>Los usuarios pueden revocar en cualquier momento el acceso de la aplicaci\u00f3n a su cuenta de Google en la configuraci\u00f3n de su cuenta de Google (accesos de terceros).<\/p>\n\n<h3 class=\"wp-block-heading\" id=\"122-keine-unzul%C3%A4ssigen-verwendungen-klarstellung\">12.2 No hay usos indebidos (aclaraci\u00f3n)<\/h3>\n\n<p>Utilizamos los datos de usuario de Google exclusivamente para proporcionar y mejorar las funciones solicitadas por los usuarios (an\u00e1lisis de GA4, comprobaciones de calidad).<\/p>\n\n<p>En particular, se aplica lo siguiente:<\/p>\n\n<ul class=\"wp-block-list\">\n<li><strong>No vendemos<\/strong> datos de usuario de Google.<\/li>\n\n\n\n<li><strong>No<\/strong> utilizamos datos de las API de Google (en particular, datos de consulta de GA4\/BigQuery, as\u00ed como tokens de OAuth) para publicidad\/marketing, elaboraci\u00f3n de perfiles, fines de intermediaci\u00f3n de datos o calificaci\u00f3n crediticia.<\/li>\n\n\n\n<li><strong>No<\/strong> utilizamos datos de usuario de Google para entrenar modelos de IA\/ML.<\/li>\n<\/ul>\n\n<p>En la medida en que sea necesario, enviamos correos electr\u00f3nicos relacionados con el sistema y el servicio (p. ej., invitaciones, avisos relevantes para la seguridad) a la direcci\u00f3n de contacto que ha utilizado para el uso de la aplicaci\u00f3n.<\/p>\n\n<p>En la medida en que le enviemos informaci\u00f3n sobre productos o servicios similares propios como cliente existente, esto solo se har\u00e1 dentro del marco legalmente permitido (p. ej., \u00a7 7, apdo. 3 de la Ley alemana contra la competencia desleal (UWG)) y con la posibilidad de oposici\u00f3n\/baja en cualquier momento. Para ello, solo utilizamos la direcci\u00f3n de correo electr\u00f3nico como direcci\u00f3n de contacto; los contenidos\/resultados de las consultas de GA4\/BigQuery o los tokens de OAuth no se utilizan para ello ni se transmiten a los servicios de correo electr\u00f3nico\/marketing. <\/p>\n\n<h3 class=\"wp-block-heading\" id=\"123-google-api-services-user-data-policy-%E2%80%93-limited-use\">12.3 Pol\u00edtica de datos de usuario de los servicios de la API de Google \u2013 Uso limitado<\/h3>\n\n<p>Nuestro uso y divulgaci\u00f3n de la informaci\u00f3n que recibimos de las API de Google se realiza de acuerdo con la <strong>Pol\u00edtica de datos de usuario de los servicios de la API de Google<\/strong>, incluidos los requisitos de <strong>Uso limitado<\/strong>.<\/p>\n\n<hr class=\"wp-block-separator has-alpha-channel-opacity\"\/>\n\n<h2 class=\"wp-block-heading\" id=\"13-%C3%A4nderungen-dieser-datenschutzerkl%C3%A4rung\">13) Modificaciones de esta pol\u00edtica de privacidad<\/h2>\n\n<p>Nos reservamos el derecho de adaptar esta pol\u00edtica de privacidad para reflejar cambios legales, t\u00e9cnicos u organizativos.<\/p>\n","protected":false},"excerpt":{"rendered":"<p>1) Responsable Responsable a efectos del RGPD: 2) Breve descripci\u00f3n de la aplicaci\u00f3n GA4 Auditor es una aplicaci\u00f3n web para el an\u00e1lisis de configuraciones de Google Analytics 4 (GA4) y la calidad de los datos. La aplicaci\u00f3n: La aplicaci\u00f3n no escribe datos en GA4 o BigQuery y no realiza cambios en las configuraciones de GA4&#8230;.<\/p>\n","protected":false},"author":1,"featured_media":0,"parent":0,"menu_order":0,"comment_status":"closed","ping_status":"open","template":"","meta":{"_kad_blocks_custom_css":"","_kad_blocks_head_custom_js":"","_kad_blocks_body_custom_js":"","_kad_blocks_footer_custom_js":"","_kadence_starter_templates_imported_post":false,"_swpsp_post_exclude":false,"_kad_post_transparent":"","_kad_post_title":"","_kad_post_layout":"","_kad_post_sidebar_id":"","_kad_post_content_style":"","_kad_post_vertical_padding":"","_kad_post_feature":"","_kad_post_feature_position":"","_kad_post_header":false,"_kad_post_footer":false,"_kad_post_classname":"","slim_seo":{"title":"Pol\u00edtica de privacidad - GA4 Auditor","description":"1) Responsable Responsable a efectos del RGPD: 2) Breve descripci\u00f3n de la aplicaci\u00f3n GA4 Auditor es una aplicaci\u00f3n web para el an\u00e1lisis de configuraciones de Go"},"footnotes":""},"class_list":["post-176","page","type-page","status-publish","hentry"],"taxonomy_info":[],"featured_image_src_large":false,"author_info":{"display_name":"Bernhard Prange","author_link":"https:\/\/ga4-auditor.dev\/es\/author\/masterben\/"},"comment_info":0,"_links":{"self":[{"href":"https:\/\/ga4-auditor.dev\/es\/wp-json\/wp\/v2\/pages\/176","targetHints":{"allow":["GET"]}}],"collection":[{"href":"https:\/\/ga4-auditor.dev\/es\/wp-json\/wp\/v2\/pages"}],"about":[{"href":"https:\/\/ga4-auditor.dev\/es\/wp-json\/wp\/v2\/types\/page"}],"author":[{"embeddable":true,"href":"https:\/\/ga4-auditor.dev\/es\/wp-json\/wp\/v2\/users\/1"}],"replies":[{"embeddable":true,"href":"https:\/\/ga4-auditor.dev\/es\/wp-json\/wp\/v2\/comments?post=176"}],"version-history":[{"count":1,"href":"https:\/\/ga4-auditor.dev\/es\/wp-json\/wp\/v2\/pages\/176\/revisions"}],"predecessor-version":[{"id":177,"href":"https:\/\/ga4-auditor.dev\/es\/wp-json\/wp\/v2\/pages\/176\/revisions\/177"}],"wp:attachment":[{"href":"https:\/\/ga4-auditor.dev\/es\/wp-json\/wp\/v2\/media?parent=176"}],"curies":[{"name":"wp","href":"https:\/\/api.w.org\/{rel}","templated":true}]}}