{"id":178,"date":"2025-12-17T09:20:26","date_gmt":"2025-12-17T08:20:26","guid":{"rendered":"https:\/\/ga4-auditor.dev\/aviso-legal\/"},"modified":"2026-01-14T17:16:20","modified_gmt":"2026-01-14T16:16:20","slug":"aviso-legal","status":"publish","type":"page","link":"https:\/\/ga4-auditor.dev\/es\/aviso-legal\/","title":{"rendered":"Aviso legal"},"content":{"rendered":"\n<h1 class=\"wp-block-heading\" id=\"impressum\">Aviso legal<\/h1>\n\n<p>Bernhard Prange<br\/>Webmasterei Prange<br\/>Weg in der Aue 3<br\/>34128 Kassel<\/p>\n\n<h2 class=\"wp-block-heading\" id=\"kontakt\">Contacto<\/h2>\n\n<p>Tel\u00e9fono: 0176-83018157<br\/>Correo electr\u00f3nico: info@webmasterei-prange.de<\/p>\n\n<h2 class=\"wp-block-heading\" id=\"umsatzsteuerid\">NIF a efectos de IVA<\/h2>\n\n<p>N\u00famero de identificaci\u00f3n a efectos del IVA seg\u00fan el art\u00edculo 27 a de la Ley del Impuesto sobre el Volumen de Negocio:<br\/>DE291464100<\/p>\n\n<h2 class=\"wp-block-heading\" id=\"redaktionell-verantwortlich\">Responsable editorial<\/h2>\n\n<p>Bernhard Prange<\/p>\n\n<h2 class=\"wp-block-heading\" id=\"verbraucherstreitbeilegunguniversalschlichtungsstelle\">Resoluci\u00f3n de litigios en materia de consumo\/organismo de conciliaci\u00f3n universal<\/h2>\n\n<p>No estamos dispuestos ni obligados a participar en procedimientos de resoluci\u00f3n de litigios ante un organismo de conciliaci\u00f3n para el consumidor.<\/p>\n\n<h2 class=\"wp-block-heading\" id=\"zentrale-kontaktstelle-nach-dem-digital-services-act--dsa-verordnung-eu-2022265\">Punto de contacto central seg\u00fan la Ley de Servicios Digitales \u2013 DSA (Reglamento (UE) 2022\/265)<\/h2>\n\n<p>Puede ponerse en contacto con nuestro punto de contacto central para usuarios y autoridades seg\u00fan los art\u00edculos 11 y 12 de la DSA de la siguiente manera:<\/p>\n\n<p>Correo electr\u00f3nico: info@webmasterei-prange.de<br\/>Tel\u00e9fono: 0176-83018157<\/p>\n\n<p>Los idiomas disponibles para el contacto son: alem\u00e1n, ingl\u00e9s.<\/p>\n","protected":false},"excerpt":{"rendered":"<p>Aviso legal Bernhard PrangeWebmasterei PrangeWeg in der Aue 334128 Kassel Contacto Tel\u00e9fono: 0176-83018157Correo electr\u00f3nico: info@webmasterei-prange.de NIF a efectos de IVA N\u00famero de identificaci\u00f3n a efectos del IVA seg\u00fan el art\u00edculo 27 a de la Ley del Impuesto sobre el Volumen de Negocio:DE291464100 Responsable editorial Bernhard Prange Resoluci\u00f3n de litigios en materia de consumo\/organismo de conciliaci\u00f3n&#8230;<\/p>\n","protected":false},"author":1,"featured_media":0,"parent":0,"menu_order":0,"comment_status":"closed","ping_status":"closed","template":"","meta":{"_kad_blocks_custom_css":"","_kad_blocks_head_custom_js":"","_kad_blocks_body_custom_js":"","_kad_blocks_footer_custom_js":"","_kadence_starter_templates_imported_post":false,"_swpsp_post_exclude":false,"_kad_post_transparent":"","_kad_post_title":"","_kad_post_layout":"","_kad_post_sidebar_id":"","_kad_post_content_style":"","_kad_post_vertical_padding":"","_kad_post_feature":"","_kad_post_feature_position":"","_kad_post_header":false,"_kad_post_footer":false,"_kad_post_classname":"","slim_seo":{"title":"Aviso legal - GA4 Auditor","description":"Aviso legal Bernhard Prange Webmasterei Prange Weg in der Aue 3 34128 Kassel Contacto Tel\u00e9fono: 0176-83018157 Correo electr\u00f3nico: info@webmasterei-prange.de NIF"},"footnotes":""},"class_list":["post-178","page","type-page","status-publish","hentry"],"taxonomy_info":[],"featured_image_src_large":false,"author_info":{"display_name":"Bernhard Prange","author_link":"https:\/\/ga4-auditor.dev\/es\/author\/masterben\/"},"comment_info":0,"_links":{"self":[{"href":"https:\/\/ga4-auditor.dev\/es\/wp-json\/wp\/v2\/pages\/178","targetHints":{"allow":["GET"]}}],"collection":[{"href":"https:\/\/ga4-auditor.dev\/es\/wp-json\/wp\/v2\/pages"}],"about":[{"href":"https:\/\/ga4-auditor.dev\/es\/wp-json\/wp\/v2\/types\/page"}],"author":[{"embeddable":true,"href":"https:\/\/ga4-auditor.dev\/es\/wp-json\/wp\/v2\/users\/1"}],"replies":[{"embeddable":true,"href":"https:\/\/ga4-auditor.dev\/es\/wp-json\/wp\/v2\/comments?post=178"}],"version-history":[{"count":1,"href":"https:\/\/ga4-auditor.dev\/es\/wp-json\/wp\/v2\/pages\/178\/revisions"}],"predecessor-version":[{"id":179,"href":"https:\/\/ga4-auditor.dev\/es\/wp-json\/wp\/v2\/pages\/178\/revisions\/179"}],"wp:attachment":[{"href":"https:\/\/ga4-auditor.dev\/es\/wp-json\/wp\/v2\/media?parent=178"}],"curies":[{"name":"wp","href":"https:\/\/api.w.org\/{rel}","templated":true}]}}