{"id":194,"date":"2025-12-17T11:07:18","date_gmt":"2025-12-17T10:07:18","guid":{"rendered":"https:\/\/ga4-auditor.dev\/terminos-de-uso\/"},"modified":"2026-01-14T17:22:48","modified_gmt":"2026-01-14T16:22:48","slug":"terminos-de-uso","status":"publish","type":"page","link":"https:\/\/ga4-auditor.dev\/es\/terminos-de-uso\/","title":{"rendered":"T\u00e9rminos de uso"},"content":{"rendered":"\n<h3 class=\"wp-block-heading\" id=\"nutzungsbedingungen-entwurf-%E2%80%93-ga4-auditor--ga4-check\">T\u00e9rminos de uso (borrador) \u2013 GA4 Auditor \/ GA4 Check<\/h3>\n\n<p><strong>Estado<\/strong>: 17-12-2025<\/p>\n\n<hr class=\"wp-block-separator has-alpha-channel-opacity\"\/>\n\n<h3 class=\"wp-block-heading\" id=\"1-geltungsbereich-und-begriffe\">1) \u00c1mbito de aplicaci\u00f3n y definiciones<\/h3>\n\n<p>Estos t\u00e9rminos de uso (\u00abCondiciones\u00bb) rigen el uso de la aplicaci\u00f3n web <strong>GA4 Auditor<\/strong> (\u00abApp\u00bb, \u00abServicio\u00bb) por parte de los usuarios (\u00abUsuario\/s\u00bb).<\/p>\n\n<p>Si una organizaci\u00f3n (p. ej., empresa\/agencia) utiliza la aplicaci\u00f3n, un administrador puede gestionar varios usuarios dentro de una organizaci\u00f3n.<\/p>\n\n<hr class=\"wp-block-separator has-alpha-channel-opacity\"\/>\n\n<h3 class=\"wp-block-heading\" id=\"2-anbieter-impressum-light--kontakt--support\">2) Proveedor (aviso legal light) \/ Contacto \/ Soporte<\/h3>\n\n<p><strong>Proveedor \/ Parte contratante<\/strong>:<\/p>\n\n<ul class=\"wp-block-list\">\n<li><strong>Empresa\/Nombre<\/strong>: Bernhard Prange, Webmasterei Prange<\/li>\n\n\n\n<li><strong>Direcci\u00f3n<\/strong>: Weg in der Aue 3, 34128 Kassel, Alemania<\/li>\n\n\n\n<li><strong>Contacto<\/strong>: bernhard@webmasterei-prange.de<\/li>\n\n\n\n<li><strong>Correo electr\u00f3nico de soporte<\/strong>: bernhard@webmasterei-prange.de<\/li>\n<\/ul>\n\n<hr class=\"wp-block-separator has-alpha-channel-opacity\"\/>\n\n<h3 class=\"wp-block-heading\" id=\"3-leistungsbeschreibung\">3) Descripci\u00f3n del servicio<\/h3>\n\n<p>La aplicaci\u00f3n ayuda a analizar las configuraciones de Google Analytics 4 y la calidad de los datos.<\/p>\n\n<p>Dependiendo de las funciones activadas, la aplicaci\u00f3n accede a los servicios de Google, previo consentimiento de los usuarios:<\/p>\n\n<ul class=\"wp-block-list\">\n<li><strong>Google OAuth Login<\/strong> (identificaci\u00f3n\/autenticaci\u00f3n)<\/li>\n\n\n\n<li><strong>GA4 Admin API<\/strong> (datos de configuraci\u00f3n\/ajuste)<\/li>\n\n\n\n<li><strong>GA4 Data API<\/strong> (datos de informes\/en tiempo real)<\/li>\n\n\n\n<li><strong>BigQuery<\/strong> (opcional) para ejecutar consultas en la exportaci\u00f3n GA4 BigQuery existente (Dataset <code>analytics_&lt;PROPERTY_ID&gt;<\/code>)<\/li>\n<\/ul>\n\n<p>La aplicaci\u00f3n <strong>no realiza cambios<\/strong> en las configuraciones de GA4 y <strong>no escribe datos<\/strong> en GA4 ni en BigQuery.<\/p>\n\n<hr class=\"wp-block-separator has-alpha-channel-opacity\"\/>\n\n<h3 class=\"wp-block-heading\" id=\"4-zugang-accounts-und-organisationen\">4) Acceso, cuentas y organizaciones<\/h3>\n\n<ul class=\"wp-block-list\">\n<li>El uso requiere una cuenta de Google.<\/li>\n\n\n\n<li>La autenticaci\u00f3n se realiza a trav\u00e9s de <strong>Google OAuth<\/strong> (Google Sign-In).<\/li>\n\n\n\n<li>Los usuarios est\u00e1n obligados a proteger sus datos de acceso a la cuenta de Google y a evitar el uso no autorizado.<\/li>\n<\/ul>\n\n<h4 class=\"wp-block-heading\" id=\"41-rollen-einladungen\">4.1 Roles, invitaciones<\/h4>\n\n<p>La aplicaci\u00f3n se puede utilizar por organizaci\u00f3n. Existen roles (p. ej., administrador\/miembro) que controlan los permisos dentro de la organizaci\u00f3n. <\/p>\n\n<p>Las invitaciones se pueden enviar por correo electr\u00f3nico y tienen un l\u00edmite de tiempo.<\/p>\n\n<hr class=\"wp-block-separator has-alpha-channel-opacity\"\/>\n\n<h3 class=\"wp-block-heading\" id=\"5-erlaubte-und-verbotene-nutzung\">5) Uso permitido y prohibido<\/h3>\n\n<p>Los usuarios se comprometen en particular a:<\/p>\n\n<ul class=\"wp-block-list\">\n<li>utilizar la aplicaci\u00f3n solo en el marco de las leyes aplicables y estas condiciones,<\/li>\n\n\n\n<li>acceder solo a aquellos recursos de GA4\/BigQuery para los que est\u00e9n autorizados,<\/li>\n\n\n\n<li>no violar los derechos de terceros,<\/li>\n\n\n\n<li>no eludir ni perjudicar ning\u00fan mecanismo de seguridad.<\/li>\n<\/ul>\n\n<p>En particular, est\u00e1 prohibido:<\/p>\n\n<ul class=\"wp-block-list\">\n<li><strong>uso indebido o excesivo<\/strong>, p. ej., accesos masivos automatizados, scraping, pruebas de carga sin autorizaci\u00f3n, denegaci\u00f3n de servicio,<\/li>\n\n\n\n<li><strong>ingenier\u00eda inversa<\/strong>, descompilaci\u00f3n o el intento de extraer c\u00f3digo fuente, l\u00f3gica propietaria o mecanismos de seguridad (en la medida en que est\u00e9 prohibido por ley),<\/li>\n\n\n\n<li>la introducci\u00f3n de c\u00f3digo malicioso, la explotaci\u00f3n de vulnerabilidades o la elusi\u00f3n de restricciones de acceso,<\/li>\n\n\n\n<li>el uso de la aplicaci\u00f3n para procesar o transmitir contenidos ilegales.<\/li>\n<\/ul>\n\n<p>El proveedor puede utilizar medidas t\u00e9cnicas (p. ej., l\u00edmites de velocidad) para proteger el servicio.<\/p>\n\n<hr class=\"wp-block-separator has-alpha-channel-opacity\"\/>\n\n<h3 class=\"wp-block-heading\" id=\"6-google%E2%80%91daten--oauth-scope%E2%80%91bezogen--widerruf\">6) Datos de Google &amp; OAuth (relacionado con el alcance) \/ Revocaci\u00f3n<\/h3>\n\n<h4 class=\"wp-block-heading\" id=\"61-welche-google%E2%80%91daten-werden-genutzt-und-wof%C3%BCr\">6.1 \u00bfQu\u00e9 datos de Google se utilizan y para qu\u00e9?<\/h4>\n\n<p>La aplicaci\u00f3n procesa los datos de Google exclusivamente para proporcionar las funciones solicitadas por los usuarios (comprobaciones\/auditor\u00edas de GA4, visualizaci\u00f3n de resultados).<\/p>\n\n<p>Las categor\u00edas de datos t\u00edpicas (dependiendo de los permisos\/\u00e1mbitos concedidos) son:<\/p>\n\n<ul class=\"wp-block-list\">\n<li><strong>Datos de perfil\/cuenta del inicio de sesi\u00f3n<\/strong> (p. ej., correo electr\u00f3nico, nombre, URL de la imagen de perfil)<\/li>\n\n\n\n<li><strong>Datos de configuraci\u00f3n de GA4<\/strong> (Admin API; p. ej., propiedades\/streams\/vinculaciones\/eventos clave\/audiencias\/ajustes)<\/li>\n\n\n\n<li><strong>Datos de informes\/en tiempo real de GA4<\/strong> (Data API; p. ej., m\u00e9tricas\/dimensiones agregadas para la comprobaci\u00f3n de la calidad de los datos)<\/li>\n\n\n\n<li><strong>Datos de BigQuery<\/strong> (opcional; consultas en tablas de exportaci\u00f3n de GA4 <code>events_*<\/code> \/ <code>events_intraday_*<\/code> para la creaci\u00f3n de comprobaciones de calidad)<\/li>\n<\/ul>\n\n<p><strong>Nota sobre los \u00e1mbitos<\/strong>: Los \u00e1mbitos de OAuth solicitados concretamente se muestran de forma transparente en la pantalla de consentimiento de Google.<br\/>Ejemplos (marcador de posici\u00f3n \u2013 por favor, adapte a sus \u00e1mbitos reales):<\/p>\n\n<ul class=\"wp-block-list\">\n<li><code>openid<\/code>, <code>email<\/code>,  <code>profile<\/code><\/li>\n\n\n\n<li><code>[GA4 Admin API Scope, z.B. analytics.readonly]<\/code><\/li>\n\n\n\n<li><code>[GA4 Data API Scope, z.B. analytics.readonly]<\/code><\/li>\n\n\n\n<li><code>[BigQuery Scope, z.B. bigquery.readonly]<\/code><\/li>\n<\/ul>\n\n<h4 class=\"wp-block-heading\" id=\"62-zugriff-widerrufen\">6.2 Revocar el acceso<\/h4>\n\n<p>Los usuarios pueden revocar el acceso de la aplicaci\u00f3n a su cuenta de Google en cualquier momento (p. ej., a trav\u00e9s de la configuraci\u00f3n de la cuenta de Google \u00abSeguridad\u00bb \u2192 \u00abAcceso de terceros\u00bb o \u00abAplicaciones con acceso a la cuenta\u00bb).<\/p>\n\n<h4 class=\"wp-block-heading\" id=\"63-google-api-services-user-data-policy-limited-use\">6.3 Google API Services User Data Policy (Limited Use)<\/h4>\n\n<p>En la medida en que la aplicaci\u00f3n acceda a datos a trav\u00e9s de las API de Google, se aplica lo siguiente:<\/p>\n\n<ul class=\"wp-block-list\">\n<li>Los datos de Google no se venden.<\/li>\n\n\n\n<li>Los datos de Google no se utilizan para publicidad personalizada\/retargeting.<\/li>\n<\/ul>\n\n<p>Nuestro uso y divulgaci\u00f3n de la informaci\u00f3n que recibimos de las API de Google se realiza de acuerdo con la <strong>Google API Services User Data Policy<\/strong>, incluyendo los <a href=\"https:\/\/developers.google.com\/terms\/api-services-user-data-policy\" data-type=\"link\" data-id=\"https:\/\/developers.google.com\/terms\/api-services-user-data-policy\">requisitos de <strong>Limited Use<\/strong><\/a>.<\/p>\n\n<hr class=\"wp-block-separator has-alpha-channel-opacity\"\/>\n\n<h3 class=\"wp-block-heading\" id=\"7-datenschutz\">7) Protecci\u00f3n de datos<\/h3>\n\n<p>La informaci\u00f3n sobre el tratamiento de datos personales se encuentra en la <a href=\"https:\/\/www.ga4-auditor.dev\/datenschutzerklaerung\/\" data-type=\"page\" data-id=\"3\">pol\u00edtica de privacidad<\/a>.<\/p>\n\n<hr class=\"wp-block-separator has-alpha-channel-opacity\"\/>\n\n<h3 class=\"wp-block-heading\" id=\"8-optionale-integrationen\">8) Integraciones opcionales<\/h3>\n\n<p>Dependiendo de la configuraci\u00f3n de la organizaci\u00f3n, se pueden activar integraciones opcionales, por ejemplo:<\/p>\n\n<ul class=\"wp-block-list\">\n<li><strong>Brevo<\/strong>: Sincronizaci\u00f3n de contactos (correo electr\u00f3nico + atributos de uso t\u00e9cnico como Login-Count\/Property-Count\/Last-Login). Los usuarios pueden oponerse a la sincronizaci\u00f3n de marketing (dependiendo de la configuraci\u00f3n de la aplicaci\u00f3n). <\/li>\n\n\n\n<li><strong>Tracking\/Analytics<\/strong>: Un administrador puede depositar un snippet de seguimiento (p. ej., Google Tag Manager). La aplicaci\u00f3n env\u00eda eventos seg\u00fan el principio de minimizaci\u00f3n de datos. <\/li>\n<\/ul>\n\n<hr class=\"wp-block-separator has-alpha-channel-opacity\"\/>\n\n<h3 class=\"wp-block-heading\" id=\"9-verf%C3%BCgbarkeit-wartung-und-%C3%A4nderungen-am-dienst\">9) Disponibilidad, mantenimiento y modificaciones del servicio<\/h3>\n\n<p>El proveedor se esfuerza por ofrecer una alta disponibilidad, pero \u2013salvo que se acuerde lo contrario\u2013 no garantiza una disponibilidad ininterrumpida. Los trabajos de mantenimiento, las actualizaciones de seguridad y las aver\u00edas pueden provocar interrupciones. <\/p>\n\n<p>El proveedor puede adaptar, seguir desarrollando o interrumpir funciones, siempre que esto sea razonable (en particular, teniendo en cuenta los intereses leg\u00edtimos de los usuarios).<\/p>\n\n<hr class=\"wp-block-separator has-alpha-channel-opacity\"\/>\n\n<h3 class=\"wp-block-heading\" id=\"10-preise--zahlung--vertragslaufzeit\">10) Precios \/ Pago \/ Duraci\u00f3n del contrato<\/h3>\n\n<ul class=\"wp-block-list\">\n<li><strong>Modelo de costes<\/strong>: gratuito<\/li>\n\n\n\n<li><strong>Pago<\/strong>: no aplicable<\/li>\n\n\n\n<li><strong>Duraci\u00f3n\/Rescisi\u00f3n<\/strong>: Los usuarios pueden interrumpir el uso en cualquier momento; la revocaci\u00f3n de los permisos de Google es posible en cualquier momento (v\u00e9ase el apartado 6.2).<\/li>\n\n\n\n<li><strong>Reembolso<\/strong>: no aplicable<\/li>\n<\/ul>\n\n<hr class=\"wp-block-separator has-alpha-channel-opacity\"\/>\n\n<h3 class=\"wp-block-heading\" id=\"11-geistiges-eigentum--nutzungsrechte\">11) Propiedad intelectual \/ Derechos de uso<\/h3>\n\n<p>Todos los derechos de la aplicaci\u00f3n (software, marcas, contenidos) permanecen en el proveedor o en los titulares de los derechos. Los usuarios reciben un derecho simple, no transferible y revocable a utilizar la aplicaci\u00f3n en la medida acordada. <\/p>\n\n<hr class=\"wp-block-separator has-alpha-channel-opacity\"\/>\n\n<h3 class=\"wp-block-heading\" id=\"12-gew%C3%A4hrleistung-und-haftung-platzhalter\">12) Garant\u00eda y responsabilidad<\/h3>\n\n<p>La aplicaci\u00f3n proporciona resultados de an\u00e1lisis y comprobaci\u00f3n que dependen, entre otras cosas, de la calidad de los datos, la configuraci\u00f3n y los permisos. El servicio se proporciona \u2013en la medida en que lo permita la ley\u2013 \u00abtal cual\u00bb. En la medida en que lo permita la ley, se puede excluir o limitar una garant\u00eda de integridad\/exactitud.  <\/p>\n\n<hr class=\"wp-block-separator has-alpha-channel-opacity\"\/>\n\n<h3 class=\"wp-block-heading\" id=\"13-sperrung--k%C3%BCndigung--beendigung\">13) Bloqueo \/ Rescisi\u00f3n \/ Finalizaci\u00f3n<\/h3>\n\n<p>El proveedor puede bloquear o eliminar cuentas\/organizaciones si:<\/p>\n\n<ul class=\"wp-block-list\">\n<li>se infringen estos t\u00e9rminos de uso,<\/li>\n\n\n\n<li>existe un uso indebido o riesgos de seguridad,<\/li>\n\n\n\n<li>las obligaciones legales lo exigen.<\/li>\n<\/ul>\n\n<p>Los usuarios pueden revocar el acceso a los permisos de Google en cualquier momento (v\u00e9ase el apartado 6.2).<\/p>\n\n<hr class=\"wp-block-separator has-alpha-channel-opacity\"\/>\n\n<h3 class=\"wp-block-heading\" id=\"14-%C3%A4nderungen-dieser-nutzungsbedingungen\">14) Modificaciones de estos t\u00e9rminos de uso<\/h3>\n\n<p>El proveedor puede adaptar estos t\u00e9rminos de uso si es necesario por razones legales\/t\u00e9cnicas. Se informar\u00e1 de forma adecuada sobre los cambios importantes. La versi\u00f3n actual con fecha de la versi\u00f3n es la que prevalece.  <\/p>\n\n<hr class=\"wp-block-separator has-alpha-channel-opacity\"\/>\n\n<h3 class=\"wp-block-heading\" id=\"15-schlussbestimmungen-platzhalter\">15) Disposiciones finales (marcador de posici\u00f3n)<\/h3>\n\n<ul class=\"wp-block-list\">\n<li><strong>Derecho aplicable<\/strong>: Rep\u00fablica Federal de Alemania<\/li>\n\n\n\n<li><strong>Jurisdicci\u00f3n<\/strong>: Kassel (en la medida en que lo permita la ley)<\/li>\n<\/ul>\n\n<p>Si alguna de las disposiciones de estos t\u00e9rminos de uso es o se vuelve total o parcialmente inv\u00e1lida, nula o inaplicable, la validez de las restantes disposiciones no se ver\u00e1 afectada. En lugar de la disposici\u00f3n inv\u00e1lida, nula o inaplicable, se considerar\u00e1 acordada aquella regulaci\u00f3n v\u00e1lida y aplicable que se aproxime m\u00e1s al prop\u00f3sito econ\u00f3mico de la disposici\u00f3n original. Lo mismo se aplicar\u00e1 en caso de laguna jur\u00eddica.  <\/p>\n\n<hr class=\"wp-block-separator has-alpha-channel-opacity\"\/>\n","protected":false},"excerpt":{"rendered":"<p>T\u00e9rminos de uso (borrador) \u2013 GA4 Auditor \/ GA4 Check Estado: 17-12-2025 1) \u00c1mbito de aplicaci\u00f3n y definiciones Estos t\u00e9rminos de uso (\u00abCondiciones\u00bb) rigen el uso de la aplicaci\u00f3n web GA4 Auditor (\u00abApp\u00bb, \u00abServicio\u00bb) por parte de los usuarios (\u00abUsuario\/s\u00bb). Si una organizaci\u00f3n (p. ej., empresa\/agencia) utiliza la aplicaci\u00f3n, un administrador puede gestionar varios usuarios&#8230;<\/p>\n","protected":false},"author":1,"featured_media":0,"parent":0,"menu_order":0,"comment_status":"closed","ping_status":"closed","template":"","meta":{"_kad_blocks_custom_css":"","_kad_blocks_head_custom_js":"","_kad_blocks_body_custom_js":"","_kad_blocks_footer_custom_js":"","_kadence_starter_templates_imported_post":false,"_swpsp_post_exclude":false,"_kad_post_transparent":"","_kad_post_title":"","_kad_post_layout":"","_kad_post_sidebar_id":"","_kad_post_content_style":"","_kad_post_vertical_padding":"","_kad_post_feature":"","_kad_post_feature_position":"","_kad_post_header":false,"_kad_post_footer":false,"_kad_post_classname":"","slim_seo":{"title":"T\u00e9rminos de uso - GA4 Auditor","description":"T\u00e9rminos de uso (borrador) \u2013 GA4 Auditor \/ GA4 Check Estado : 17-12-2025 1) \u00c1mbito de aplicaci\u00f3n y definiciones Estos t\u00e9rminos de uso (\u00abCondiciones\u00bb) rigen el u"},"footnotes":""},"class_list":["post-194","page","type-page","status-publish","hentry"],"taxonomy_info":[],"featured_image_src_large":false,"author_info":{"display_name":"Bernhard Prange","author_link":"https:\/\/ga4-auditor.dev\/es\/author\/masterben\/"},"comment_info":0,"_links":{"self":[{"href":"https:\/\/ga4-auditor.dev\/es\/wp-json\/wp\/v2\/pages\/194","targetHints":{"allow":["GET"]}}],"collection":[{"href":"https:\/\/ga4-auditor.dev\/es\/wp-json\/wp\/v2\/pages"}],"about":[{"href":"https:\/\/ga4-auditor.dev\/es\/wp-json\/wp\/v2\/types\/page"}],"author":[{"embeddable":true,"href":"https:\/\/ga4-auditor.dev\/es\/wp-json\/wp\/v2\/users\/1"}],"replies":[{"embeddable":true,"href":"https:\/\/ga4-auditor.dev\/es\/wp-json\/wp\/v2\/comments?post=194"}],"version-history":[{"count":1,"href":"https:\/\/ga4-auditor.dev\/es\/wp-json\/wp\/v2\/pages\/194\/revisions"}],"predecessor-version":[{"id":195,"href":"https:\/\/ga4-auditor.dev\/es\/wp-json\/wp\/v2\/pages\/194\/revisions\/195"}],"wp:attachment":[{"href":"https:\/\/ga4-auditor.dev\/es\/wp-json\/wp\/v2\/media?parent=194"}],"curies":[{"name":"wp","href":"https:\/\/api.w.org\/{rel}","templated":true}]}}