{"id":171,"date":"2025-12-17T09:20:26","date_gmt":"2025-12-17T08:20:26","guid":{"rendered":"https:\/\/ga4-auditor.dev\/mentions-legales\/"},"modified":"2026-01-14T17:14:59","modified_gmt":"2026-01-14T16:14:59","slug":"mentions-legales","status":"publish","type":"page","link":"https:\/\/ga4-auditor.dev\/fr\/mentions-legales\/","title":{"rendered":"Mentions l\u00e9gales"},"content":{"rendered":"\n<h1 class=\"wp-block-heading\" id=\"impressum\">Mentions l\u00e9gales<\/h1>\n\n<p>Bernhard Prange<br\/>Webmasterei Prange<br\/>Weg in der Aue 3<br\/>34128 Kassel<\/p>\n\n<h2 class=\"wp-block-heading\" id=\"kontakt\">Contact<\/h2>\n\n<p>T\u00e9l\u00e9phone\u00a0: 0176-83018157<br\/>E-mail\u00a0: info@webmasterei-prange.de<\/p>\n\n<h2 class=\"wp-block-heading\" id=\"umsatzsteuerid\">Num\u00e9ro d\u2019identification \u00e0 la TVA<\/h2>\n\n<p>Num\u00e9ro d\u2019identification \u00e0 la TVA conform\u00e9ment au \u00a7\u00a027\u00a0a de la loi allemande relative \u00e0 la taxe sur le chiffre d\u2019affaires\u00a0:<br\/>DE291464100<\/p>\n\n<h2 class=\"wp-block-heading\" id=\"redaktionell-verantwortlich\">Responsable de la r\u00e9daction<\/h2>\n\n<p>Bernhard Prange<\/p>\n\n<h2 class=\"wp-block-heading\" id=\"verbraucherstreitbeilegunguniversalschlichtungsstelle\">R\u00e8glement des litiges de consommation\/organisme de conciliation universel<\/h2>\n\n<p>Nous ne sommes ni dispos\u00e9s ni tenus de participer \u00e0 des proc\u00e9dures de r\u00e8glement des litiges devant un organisme de conciliation des consommateurs.<\/p>\n\n<h2 class=\"wp-block-heading\" id=\"zentrale-kontaktstelle-nach-dem-digital-services-act--dsa-verordnung-eu-2022265\">Point de contact central en vertu de la loi sur les services num\u00e9riques \u2013 DSA (r\u00e8glement (UE) 2022\/265)<\/h2>\n\n<p>Vous pouvez joindre notre point de contact central pour les utilisateurs et les autorit\u00e9s conform\u00e9ment aux art.\u00a011 et 12 du DSA comme suit\u00a0:<\/p>\n\n<p>E-mail\u00a0: info@webmasterei-prange.de<br\/>T\u00e9l\u00e9phone\u00a0: 0176-83018157<\/p>\n\n<p>Les langues disponibles pour le contact sont les suivantes\u00a0: allemand, anglais.<\/p>\n","protected":false},"excerpt":{"rendered":"<p>Mentions l\u00e9gales Bernhard PrangeWebmasterei PrangeWeg in der Aue 334128 Kassel Contact T\u00e9l\u00e9phone\u00a0: 0176-83018157E-mail\u00a0: info@webmasterei-prange.de Num\u00e9ro d\u2019identification \u00e0 la TVA Num\u00e9ro d\u2019identification \u00e0 la TVA conform\u00e9ment au \u00a7\u00a027\u00a0a de la loi allemande relative \u00e0 la taxe sur le chiffre d\u2019affaires\u00a0:DE291464100 Responsable de la r\u00e9daction Bernhard Prange R\u00e8glement des litiges de consommation\/organisme de conciliation universel Nous ne&#8230;<\/p>\n","protected":false},"author":1,"featured_media":0,"parent":0,"menu_order":0,"comment_status":"closed","ping_status":"closed","template":"","meta":{"_kad_blocks_custom_css":"","_kad_blocks_head_custom_js":"","_kad_blocks_body_custom_js":"","_kad_blocks_footer_custom_js":"","_kadence_starter_templates_imported_post":false,"_swpsp_post_exclude":false,"_kad_post_transparent":"","_kad_post_title":"","_kad_post_layout":"","_kad_post_sidebar_id":"","_kad_post_content_style":"","_kad_post_vertical_padding":"","_kad_post_feature":"","_kad_post_feature_position":"","_kad_post_header":false,"_kad_post_footer":false,"_kad_post_classname":"","slim_seo":{"title":"Mentions l\u00e9gales - GA4 Auditor","description":"Mentions l\u00e9gales Bernhard Prange Webmasterei Prange Weg in der Aue 3 34128 Kassel Contact T\u00e9l\u00e9phone\u00a0: 0176-83018157 E-mail\u00a0: info@webmasterei-prange.de Num\u00e9ro d"},"footnotes":""},"class_list":["post-171","page","type-page","status-publish","hentry"],"taxonomy_info":[],"featured_image_src_large":false,"author_info":{"display_name":"Bernhard Prange","author_link":"https:\/\/ga4-auditor.dev\/fr\/author\/masterben\/"},"comment_info":0,"_links":{"self":[{"href":"https:\/\/ga4-auditor.dev\/fr\/wp-json\/wp\/v2\/pages\/171","targetHints":{"allow":["GET"]}}],"collection":[{"href":"https:\/\/ga4-auditor.dev\/fr\/wp-json\/wp\/v2\/pages"}],"about":[{"href":"https:\/\/ga4-auditor.dev\/fr\/wp-json\/wp\/v2\/types\/page"}],"author":[{"embeddable":true,"href":"https:\/\/ga4-auditor.dev\/fr\/wp-json\/wp\/v2\/users\/1"}],"replies":[{"embeddable":true,"href":"https:\/\/ga4-auditor.dev\/fr\/wp-json\/wp\/v2\/comments?post=171"}],"version-history":[{"count":1,"href":"https:\/\/ga4-auditor.dev\/fr\/wp-json\/wp\/v2\/pages\/171\/revisions"}],"predecessor-version":[{"id":172,"href":"https:\/\/ga4-auditor.dev\/fr\/wp-json\/wp\/v2\/pages\/171\/revisions\/172"}],"wp:attachment":[{"href":"https:\/\/ga4-auditor.dev\/fr\/wp-json\/wp\/v2\/media?parent=171"}],"curies":[{"name":"wp","href":"https:\/\/api.w.org\/{rel}","templated":true}]}}