{"id":174,"date":"2025-12-17T08:39:23","date_gmt":"2025-12-17T07:39:23","guid":{"rendered":"https:\/\/ga4-auditor.dev\/declaration-de-confidentialite\/"},"modified":"2026-01-14T17:15:57","modified_gmt":"2026-01-14T16:15:57","slug":"declaration-de-confidentialite","status":"publish","type":"page","link":"https:\/\/ga4-auditor.dev\/fr\/declaration-de-confidentialite\/","title":{"rendered":"D\u00e9claration de confidentialit\u00e9"},"content":{"rendered":"\n<h2 class=\"wp-block-heading\" id=\"1-verantwortlicher\">1) Responsable<\/h2>\n\n<p><strong>Responsable au sens du RGPD :<\/strong><\/p>\n\n<ul class=\"wp-block-list\">\n<li><strong>Entreprise\/Nom :<\/strong> Bernhard Prange, Webmasterei Prange<\/li>\n\n\n\n<li><strong>Adresse :<\/strong> Weg in der Aue 3, 34128 Kassel, Allemagne<\/li>\n\n\n\n<li><strong>E-mail :<\/strong> <a href=\"mailto:info@webmasterei-prange.de\">info@webmasterei-prange.de<\/a><\/li>\n<\/ul>\n\n<hr class=\"wp-block-separator has-alpha-channel-opacity\"\/>\n\n<h2 class=\"wp-block-heading\" id=\"2-kurzbeschreibung-der-app\">2) Br\u00e8ve description de l\u2019application<\/h2>\n\n<p><strong>GA4 Auditor<\/strong> est une application web permettant d\u2019analyser les configurations Google Analytics 4 (GA4) et la qualit\u00e9 des donn\u00e9es.<\/p>\n\n<p>L\u2019application :<\/p>\n\n<ul class=\"wp-block-list\">\n<li>authentifie les utilisateurs via <strong>Google OAuth (OpenID Connect)<\/strong>,<\/li>\n\n\n\n<li>lit les donn\u00e9es de configuration via l\u2019<strong>API d\u2019administration GA4<\/strong>,<\/li>\n\n\n\n<li>lit les donn\u00e9es agr\u00e9g\u00e9es de reporting et en temps r\u00e9el via l\u2019<strong>API de donn\u00e9es GA4<\/strong>,<\/li>\n\n\n\n<li>ex\u00e9cute \u2013 en option \u2013 des requ\u00eates sur un <strong>export GA4 BigQuery<\/strong> existant (ensemble de donn\u00e9es <code>analytics_&lt;PROPERTY_ID&gt;<\/code>).<\/li>\n<\/ul>\n\n<p>L\u2019application <strong>n\u2019\u00e9crit aucune donn\u00e9e<\/strong> dans GA4 ou BigQuery et n\u2019apporte <strong>aucune modification<\/strong> aux configurations GA4.<\/p>\n\n<hr class=\"wp-block-separator has-alpha-channel-opacity\"\/>\n\n<h2 class=\"wp-block-heading\" id=\"3-welche-daten-verarbeiten-wir\">3) Quelles donn\u00e9es traitons-nous ?<\/h2>\n\n<h3 class=\"wp-block-heading\" id=\"31-account--und-profildaten-google-login\">3.1 Donn\u00e9es de compte et de profil (connexion Google)<\/h3>\n\n<p>Lors de la connexion via Google OAuth, nous traitons notamment :<\/p>\n\n<ul class=\"wp-block-list\">\n<li><strong>Adresse e-mail<\/strong><\/li>\n\n\n\n<li><strong>Nom d\u2019affichage<\/strong><\/li>\n\n\n\n<li><strong>URL de la photo de profil<\/strong> (facultatif)<\/li>\n<\/ul>\n\n<h3 class=\"wp-block-heading\" id=\"32-organisations--workspace--und-property-daten-in-der-app-gepflegt\">3.2 Donn\u00e9es d\u2019organisation, d\u2019espace de travail et de propri\u00e9t\u00e9 (g\u00e9r\u00e9es dans l\u2019application)<\/h3>\n\n<p>Pour fournir les fonctions de l\u2019application, nous enregistrons et traitons des donn\u00e9es de configuration, notamment :<\/p>\n\n<ul class=\"wp-block-list\">\n<li><strong>Donn\u00e9es d\u2019organisation :<\/strong> nom de l\u2019organisation ; \u00e9ventuellement les donn\u00e9es d\u2019adresse (rue, code postal, ville, pays)<\/li>\n\n\n\n<li><strong>Donn\u00e9es de l\u2019espace de travail :<\/strong> par exemple, ID de projet GCP, r\u00e9gion, configurations techniques (par exemple, configuration backend\/Dataform) au format JSON<\/li>\n\n\n\n<li><strong>Donn\u00e9es de propri\u00e9t\u00e9 :<\/strong> par exemple, ID de propri\u00e9t\u00e9 GA4, projet\/emplacement de l\u2019ensemble de donn\u00e9es BigQuery, fuseau horaire, \u00e9v\u00e9nements attendus<\/li>\n\n\n\n<li><strong>Param\u00e8tres sp\u00e9cifiques \u00e0 la propri\u00e9t\u00e9 :<\/strong> par exemple, \u00e9v\u00e9nements attendus, listes d\u2019exclusion<\/li>\n<\/ul>\n\n<p><strong>Mesure de protection :<\/strong> certains identifiants (par exemple, les ID de propri\u00e9t\u00e9 GA4) ne sont parfois pas stock\u00e9s en texte clair, mais sous forme de <strong>hachages HMAC li\u00e9s \u00e0 l\u2019organisation<\/strong>.<\/p>\n\n<h3 class=\"wp-block-heading\" id=\"33-daten-aus-google-apis-ga4--bigquery\">3.3 Donn\u00e9es provenant des API Google (GA4 \/ BigQuery)<\/h3>\n\n<p>Selon les fonctions activ\u00e9es, l\u2019application traite les donn\u00e9es des services Google suivants :<\/p>\n\n<ul class=\"wp-block-list\">\n<li><strong>API d\u2019administration GA4 :<\/strong> par exemple, comptes, propri\u00e9t\u00e9s, liens BigQuery, flux, audiences, \u00e9v\u00e9nements cl\u00e9s, param\u00e8tres de confidentialit\u00e9<\/li>\n\n\n\n<li><strong>API de donn\u00e9es GA4 :<\/strong> par exemple, donn\u00e9es agr\u00e9g\u00e9es de reporting et en temps r\u00e9el<\/li>\n\n\n\n<li><strong>Google BigQuery (facultatif) :<\/strong> Ex\u00e9cution de requ\u00eates sur les tables d\u2019export GA4 (<code>events_*<\/code>, <code>events_intraday_*<\/code>) pour effectuer des contr\u00f4les de qualit\u00e9 et de plausibilit\u00e9<\/li>\n<\/ul>\n\n<p><strong>Principe :<\/strong> Ces donn\u00e9es sont trait\u00e9es principalement <strong>en temps r\u00e9el<\/strong> et affich\u00e9es dans l\u2019interface utilisateur. Il n\u2019y a <strong>pas de stockage permanent des donn\u00e9es brutes GA4<\/strong>. <\/p>\n\n<h3 class=\"wp-block-heading\" id=\"34-support--und-feedback-daten\">3.4 Donn\u00e9es de support et de feedback<\/h3>\n\n<p>Lorsque les utilisateurs utilisent le formulaire de feedback ou de support, nous traitons :<\/p>\n\n<ul class=\"wp-block-list\">\n<li>Objet<\/li>\n\n\n\n<li>Texte du message<\/li>\n\n\n\n<li>Donn\u00e9es de l\u2019exp\u00e9diteur (nom et e-mail issus de la connexion ; \u00e9ventuellement une adresse de r\u00e9ponse indiqu\u00e9e manuellement)<\/li>\n<\/ul>\n\n<p>La transmission s\u2019effectue par <strong>e-mail (SMTP)<\/strong> \u00e0 une adresse de support configur\u00e9e.<\/p>\n\n<h3 class=\"wp-block-heading\" id=\"35-technische-daten-und-server-logs\">3.5 Donn\u00e9es techniques et journaux de serveur<\/h3>\n\n<p>Lors de l\u2019exploitation de l\u2019application, les donn\u00e9es suivantes sont notamment g\u00e9n\u00e9r\u00e9es pour des raisons techniques :<\/p>\n\n<ul class=\"wp-block-list\">\n<li>Adresse IP<\/li>\n\n\n\n<li>Date et heure de l\u2019acc\u00e8s<\/li>\n\n\n\n<li>M\u00e9tadonn\u00e9es de la requ\u00eate (par exemple, User-Agent)<\/li>\n<\/ul>\n\n<p>Ces donn\u00e9es sont trait\u00e9es \u00e0 des fins de s\u00e9curit\u00e9 d\u2019exploitation, d\u2019analyse des erreurs et de pr\u00e9vention des abus.<\/p>\n\n<h3 class=\"wp-block-heading\" id=\"36-webanalyse-matomo-self-hosted-%E2%80%93-nur-nach-einwilligung\">3.6 Analyse web (Matomo, auto-h\u00e9berg\u00e9) \u2013 uniquement apr\u00e8s consentement<\/h3>\n\n<p>Si nous utilisons l\u2019analyse web, nous utilisons <strong>Matomo (auto-h\u00e9berg\u00e9)<\/strong> pour l\u2019analyse statistique et l\u2019am\u00e9lioration de l\u2019application.<\/p>\n\n<ul class=\"wp-block-list\">\n<li>Matomo n\u2019est activ\u00e9 qu\u2019apr\u00e8s votre <strong>consentement<\/strong>.<\/li>\n\n\n\n<li>Des donn\u00e9es d\u2019utilisation (par exemple, les pages consult\u00e9es, les interactions), des m\u00e9tadonn\u00e9es techniques (par exemple, l\u2019IP abr\u00e9g\u00e9e\/anonymis\u00e9e) et un <strong>ID utilisateur pseudonyme<\/strong> peuvent \u00eatre trait\u00e9es.<\/li>\n<\/ul>\n\n<p>Aucune <strong>adresse e-mail en texte clair<\/strong>, jetons OAuth ou secrets comparables ne sont transmis \u00e0 Matomo.<\/p>\n\n<h3 class=\"wp-block-heading\" id=\"37-e-mail-kommunikation-und-kontaktverwaltung-zb-brevo-%E2%80%93-je-nach-konfiguration\">3.7 Communication par e-mail et gestion des contacts \u2013 selon la configuration<\/h3>\n\n<p>Selon la configuration, nous pouvons utiliser un service de communication par e-mail\/gestion des contacts, par exemple pour :<\/p>\n\n<ul class=\"wp-block-list\">\n<li>Envoi d\u2019e-mails syst\u00e8me (invitations, notifications)<\/li>\n\n\n\n<li>facultatif : informations relatives aux produits et services<\/li>\n<\/ul>\n\n<p>Selon la fonction, l\u2019adresse e-mail, le nom et les attributs li\u00e9s \u00e0 l\u2019utilisation (par exemple, le nombre de connexions, la derni\u00e8re connexion, le nombre de propri\u00e9t\u00e9s) peuvent notamment \u00eatre trait\u00e9s.<\/p>\n\n<p>Les jetons\/secrets OAuth ne sont pas transmis aux services d\u2019e-mail\/marketing.<\/p>\n\n<hr class=\"wp-block-separator has-alpha-channel-opacity\"\/>\n\n<h2 class=\"wp-block-heading\" id=\"4-zwecke-der-verarbeitung\">4) Finalit\u00e9s du traitement<\/h2>\n\n<p>Nous traitons les donn\u00e9es personnelles notamment aux fins suivantes :<\/p>\n\n<ul class=\"wp-block-list\">\n<li>Fourniture de fonctions de connexion et de compte<\/li>\n\n\n\n<li>Gestion des organisations, des espaces de travail et des propri\u00e9t\u00e9s<\/li>\n\n\n\n<li>R\u00e9alisation et affichage d\u2019analyses GA4 et (facultatif) BigQuery<\/li>\n\n\n\n<li>Envoi d\u2019e-mails syst\u00e8me (par exemple, invitations, informations importantes relatives \u00e0 la s\u00e9curit\u00e9)<\/li>\n\n\n\n<li>Envoi d\u2019informations relatives aux produits et services aux clients existants (Soft Opt-in), dans la mesure o\u00f9 cela est autoris\u00e9 et peut \u00eatre d\u00e9sactiv\u00e9 \u00e0 tout moment<\/li>\n\n\n\n<li>Traitement des demandes de support et de feedback<\/li>\n\n\n\n<li>Garantie de la s\u00e9curit\u00e9, de la stabilit\u00e9 et de la pr\u00e9vention des abus<\/li>\n\n\n\n<li>facultatif : analyse web statistique (uniquement apr\u00e8s consentement)<\/li>\n<\/ul>\n\n<hr class=\"wp-block-separator has-alpha-channel-opacity\"\/>\n\n<h2 class=\"wp-block-heading\" id=\"5-rechtsgrundlagen\">5) Bases juridiques<\/h2>\n\n<p>Selon l\u2019op\u00e9ration de traitement, les bases juridiques suivantes sont notamment envisageables :<\/p>\n\n<ul class=\"wp-block-list\">\n<li><strong>Art. 6, paragraphe 1, point b du RGPD<\/strong> (contrat ou mesures pr\u00e9contractuelles ; par exemple, exploitation du compte, e-mails syst\u00e8me)<\/li>\n\n\n\n<li><strong>Art. 6, paragraphe 1, point f du RGPD<\/strong> (int\u00e9r\u00eat l\u00e9gitime ; par exemple, s\u00e9curit\u00e9 informatique, analyse des erreurs, pr\u00e9vention des abus)<\/li>\n\n\n\n<li><strong>Art. 6, paragraphe 1, point a du RGPD<\/strong> (consentement ; par exemple, analyse web, si activ\u00e9e)<\/li>\n<\/ul>\n\n<p>Dans la mesure o\u00f9, dans le cadre de fonctions facultatives, des informations sont enregistr\u00e9es sur le terminal ou lues (par exemple, cookies\/ID pour l\u2019analyse web), cela se fait \u2013 dans la mesure o\u00f9 cela est n\u00e9cessaire \u2013 sur la base d\u2019un <strong>consentement conform\u00e9ment au \u00a7 25 TDDDG<\/strong>.<\/p>\n\n<p>Dans la mesure o\u00f9 nous envoyons des informations relatives aux produits et services aux clients existants, nous nous appuyons \u2013 si applicable \u2013 sur l\u2019exception relative aux clients existants (par exemple, <strong>\u00a7 7, paragraphe 3 UWG<\/strong>) et\/ou sur l\u2019<strong>art. 6, paragraphe 1, point f du RGPD<\/strong>. Vous pouvez vous opposer \u00e0 cette utilisation \u00e0 tout moment ; une possibilit\u00e9 de d\u00e9sinscription se trouve dans chaque e-mail. <\/p>\n\n<hr class=\"wp-block-separator has-alpha-channel-opacity\"\/>\n\n<h2 class=\"wp-block-heading\" id=\"6-empf%C3%A4nger-und-auftragsverarbeiter\">6) Destinataires et sous-traitants<\/h2>\n\n<p>Selon l\u2019utilisation et la configuration, les donn\u00e9es peuvent \u00eatre transmises aux destinataires ou cat\u00e9gories de prestataires de services suivants :<\/p>\n\n<ul class=\"wp-block-list\">\n<li><strong>Google<\/strong> (OAuth, API d\u2019administration GA4, API de donn\u00e9es GA4 ; BigQuery facultatif) \u2013 pour la fourniture des fonctions Google demand\u00e9es par les utilisateurs.<\/li>\n\n\n\n<li><strong>H\u00e9bergement\/exploitation de la plateforme<\/strong> (par exemple, Google Cloud Platform) \u2013 Exploitation de l\u2019infrastructure de l\u2019application.<\/li>\n\n\n\n<li><strong>Prestataire de services e-mail\/SMTP<\/strong> \u2013 Envoi d\u2019invitations, d\u2019e-mails syst\u00e8me et de messages de support.<\/li>\n\n\n\n<li><strong>Analyse web\/gestion des balises (facultatif) :<\/strong> Matomo (auto-h\u00e9berg\u00e9) \u2013 uniquement apr\u00e8s consentement.<\/li>\n\n\n\n<li><strong>Gestion des contacts\/service e-mail (facultatif) :<\/strong> par exemple, Brevo \u2013 selon la configuration et la base juridique.<\/li>\n<\/ul>\n\n<p>Des <strong>contrats de traitement des commandes (AVV)<\/strong> sont conclus avec les prestataires de services \u2013 dans la mesure o\u00f9 cela est n\u00e9cessaire.<\/p>\n\n<hr class=\"wp-block-separator has-alpha-channel-opacity\"\/>\n\n<h2 class=\"wp-block-heading\" id=\"7-daten%C3%BCbermittlung-in-drittl%C3%A4nder\">7) Transfert de donn\u00e9es vers des pays tiers<\/h2>\n\n<p>Lors de l\u2019utilisation de prestataires de services externes (notamment <strong>Google<\/strong> et, le cas \u00e9ch\u00e9ant, d\u2019autres fournisseurs), un traitement ou un transfert de donn\u00e9es personnelles vers des pays tiers (par exemple, les \u00c9tats-Unis) ne peut \u00eatre exclu.<\/p>\n\n<p>Dans la mesure o\u00f9 cela est n\u00e9cessaire, nous appuyons les transferts vers des pays tiers sur des garanties appropri\u00e9es, notamment :<\/p>\n\n<ul class=\"wp-block-list\">\n<li>D\u00e9cisions d\u2019ad\u00e9quation (par exemple, EU\u2013US Data Privacy Framework, si applicable) et\/ou<\/li>\n\n\n\n<li>Clauses contractuelles types de l\u2019UE (CCT) ainsi que des mesures suppl\u00e9mentaires.<\/li>\n<\/ul>\n\n<hr class=\"wp-block-separator has-alpha-channel-opacity\"\/>\n\n<h2 class=\"wp-block-heading\" id=\"8-cookies-sessions-und-einwilligungsmanagement\">8) Cookies, sessions et gestion du consentement<\/h2>\n\n<p>L\u2019application utilise des cookies techniquement n\u00e9cessaires :<\/p>\n\n<ul class=\"wp-block-list\">\n<li>Cookie de session pour la connexion et la gestion de session<\/li>\n\n\n\n<li>Cookie de courte dur\u00e9e pour le transfert de connexion OAuth (ne contient qu\u2019un ID de transfert al\u00e9atoire, <strong>pas de jetons OAuth<\/strong>)<\/li>\n<\/ul>\n\n<p>Les cookies\/technologies optionnels (analyse web) ne sont activ\u00e9s \u2013 s\u2019ils sont utilis\u00e9s \u2013 qu\u2019apr\u00e8s votre <strong>consentement<\/strong>.<\/p>\n\n<p>Les cookies sont d\u00e9finis \u2013 dans la mesure o\u00f9 cela est techniquement possible \u2013 avec <strong>HttpOnly<\/strong>, <strong>SameSite=Lax<\/strong> et <strong>Secure<\/strong> (avec HTTPS).<\/p>\n\n<hr class=\"wp-block-separator has-alpha-channel-opacity\"\/>\n\n<h2 class=\"wp-block-heading\" id=\"9-speicherdauer-und-l%C3%B6schung\">9) Dur\u00e9e de stockage et suppression<\/h2>\n\n<p>Nous ne stockons les donn\u00e9es personnelles que le temps n\u00e9cessaire aux fins respectives. Dans la mesure o\u00f9 aucune obligation l\u00e9gale de conservation ne s\u2019y oppose, les d\u00e9lais suivants s\u2019appliquent notamment : <\/p>\n\n<ul class=\"wp-block-list\">\n<li><strong>Donn\u00e9es de compte et d\u2019organisation :<\/strong> jusqu\u2019\u00e0 la suppression du compte ; ensuite, suppression\/anonymisation g\u00e9n\u00e9ralement dans un d\u00e9lai de <strong>30 jours<\/strong> (\u00e9ventuellement conservation plus longue si cela est l\u00e9galement requis).<\/li>\n\n\n\n<li><strong>Configurations de l\u2019espace de travail\/de la propri\u00e9t\u00e9 :<\/strong> jusqu\u2019\u00e0 la suppression par l\u2019organisation ou jusqu\u2019\u00e0 la suppression du compte ; ensuite, suppression g\u00e9n\u00e9ralement dans un d\u00e9lai de <strong>30 jours<\/strong>.<\/li>\n\n\n\n<li><strong>Invitations :<\/strong> jusqu\u2019\u00e0 l\u2019acceptation ou l\u2019expiration ; ensuite, suppression g\u00e9n\u00e9ralement dans un d\u00e9lai de <strong>90 jours<\/strong>.<\/li>\n\n\n\n<li><strong>Jetons d\u2019acc\u00e8s OAuth :<\/strong> uniquement bri\u00e8vement dans la session active (g\u00e9n\u00e9ralement minutes\/heures).<\/li>\n\n\n\n<li><strong>Jetons d\u2019actualisation OAuth (si disponibles) :<\/strong> jusqu\u2019\u00e0 la r\u00e9vocation par l\u2019utilisateur, l\u2019expiration ou la suppression du compte ; ensuite, suppression g\u00e9n\u00e9ralement dans un d\u00e9lai de <strong>30 jours<\/strong>.<\/li>\n\n\n\n<li><strong>Transferts de connexion OAuth (de courte dur\u00e9e) :<\/strong> quelques secondes\/minutes ; nettoyage automatique au plus tard apr\u00e8s <strong>24 heures<\/strong>.<\/li>\n\n\n\n<li><strong>Journaux de serveur\/journaux de s\u00e9curit\u00e9 :<\/strong> g\u00e9n\u00e9ralement <strong>14 jours<\/strong>, sauf si cela est n\u00e9cessaire plus longtemps pour \u00e9lucider un incident de s\u00e9curit\u00e9.<\/li>\n\n\n\n<li><strong>Communication de support\/feedback :<\/strong> g\u00e9n\u00e9ralement jusqu\u2019\u00e0 <strong>24 mois<\/strong> (ou moins si la finalit\u00e9 dispara\u00eet plus t\u00f4t), \u00e9ventuellement plus longtemps en cas d\u2019obligations l\u00e9gales de preuve.<\/li>\n\n\n\n<li><strong>Sauvegardes :<\/strong> Les sauvegardes peuvent encore contenir des donn\u00e9es jusqu\u2019\u00e0 <strong>35 jours<\/strong> ; celles-ci sont \u00e9cras\u00e9es\/supprim\u00e9es r\u00e9guli\u00e8rement.<\/li>\n<\/ul>\n\n<h3 class=\"wp-block-heading\" id=\"91-kontol%C3%B6schung--l%C3%B6schanfragen\">9.1 Suppression de compte \/ demandes de suppression<\/h3>\n\n<p>Vous pouvez demander la suppression de votre compte et\/ou de vos donn\u00e9es :<\/p>\n\n<ul class=\"wp-block-list\">\n<li>via les param\u00e8tres de l\u2019application (si disponibles) ou<\/li>\n\n\n\n<li>par e-mail \u00e0 <strong><a href=\"mailto:info@webmasterei-prange.de\">info@webmasterei-prange.de<\/a><\/strong><\/li>\n<\/ul>\n\n<p>Nous traitons les demandes de suppression g\u00e9n\u00e9ralement dans un d\u00e9lai de <strong>30 jours<\/strong>, dans la mesure o\u00f9 aucune obligation l\u00e9gale ne s\u2019y oppose. <\/p>\n\n<hr class=\"wp-block-separator has-alpha-channel-opacity\"\/>\n\n<h2 class=\"wp-block-heading\" id=\"10-datensicherheit\">10) S\u00e9curit\u00e9 des donn\u00e9es<\/h2>\n\n<p>Nous mettons en \u0153uvre des mesures techniques et organisationnelles appropri\u00e9es, notamment :<\/p>\n\n<ul class=\"wp-block-list\">\n<li>Chiffrement des donn\u00e9es sensibles et des jetons \u00ab au repos \u00bb<\/li>\n\n\n\n<li>Chiffrement du transport HTTPS<\/li>\n\n\n\n<li>Concept d\u2019autorisation et d\u2019acc\u00e8s bas\u00e9 sur les r\u00f4les<\/li>\n\n\n\n<li>Durcissement de la configuration de session et de cookie<\/li>\n<\/ul>\n\n<hr class=\"wp-block-separator has-alpha-channel-opacity\"\/>\n\n<h2 class=\"wp-block-heading\" id=\"11-betroffenenrechte\">11) Droits des personnes concern\u00e9es<\/h2>\n\n<p>Les personnes concern\u00e9es ont notamment le droit de :<\/p>\n\n<ul class=\"wp-block-list\">\n<li>Acc\u00e8s<\/li>\n\n\n\n<li>Rectification<\/li>\n\n\n\n<li>Suppression<\/li>\n\n\n\n<li>Limitation du traitement<\/li>\n\n\n\n<li>Portabilit\u00e9 des donn\u00e9es<\/li>\n\n\n\n<li>Opposition au traitement<\/li>\n\n\n\n<li>R\u00e9vocation des consentements accord\u00e9s<\/li>\n\n\n\n<li>R\u00e9clamation aupr\u00e8s d\u2019une autorit\u00e9 de contr\u00f4le de la protection des donn\u00e9es<\/li>\n<\/ul>\n\n<p>Les demandes peuvent \u00eatre adress\u00e9es \u00e0 <strong><a href=\"mailto:info@webmasterei-prange.de\">info@webmasterei-prange.de<\/a><\/strong>.<\/p>\n\n<hr class=\"wp-block-separator has-alpha-channel-opacity\"\/>\n\n<h2 class=\"wp-block-heading\" id=\"12-google-oauth--google-api-nutzung\">12) Google OAuth \/ Utilisation de l\u2019API Google<\/h2>\n\n<h3 class=\"wp-block-heading\" id=\"121-widerruf-von-google-zugriffen\">12.1 R\u00e9vocation des acc\u00e8s Google<\/h3>\n\n<p>Les utilisateurs peuvent r\u00e9voquer \u00e0 tout moment l\u2019acc\u00e8s de l\u2019application \u00e0 leur compte Google dans les param\u00e8tres de leur compte Google (acc\u00e8s tiers).<\/p>\n\n<h3 class=\"wp-block-heading\" id=\"122-keine-unzul%C3%A4ssigen-verwendungen-klarstellung\">12.2 Pas d\u2019utilisations inadmissibles (clarification)<\/h3>\n\n<p>Nous utilisons les donn\u00e9es utilisateur de Google exclusivement pour fournir et am\u00e9liorer les fonctions demand\u00e9es par les utilisateurs (analyse GA4, contr\u00f4les de qualit\u00e9).<\/p>\n\n<p>En particulier, il est valable :<\/p>\n\n<ul class=\"wp-block-list\">\n<li>Nous ne <strong>vendons<\/strong> pas de donn\u00e9es utilisateur de Google.<\/li>\n\n\n\n<li>Nous n\u2019utilisons <strong>pas<\/strong> les donn\u00e9es des API Google (notamment les donn\u00e9es de requ\u00eate GA4\/BigQuery ainsi que les jetons OAuth) \u00e0 des fins de publicit\u00e9\/marketing, de profilage, de courtage de donn\u00e9es ou de scoring de cr\u00e9dit.<\/li>\n\n\n\n<li>Nous n\u2019utilisons <strong>pas<\/strong> les donn\u00e9es utilisateur de Google pour entra\u00eener des mod\u00e8les d\u2019IA\/ML.<\/li>\n<\/ul>\n\n<p>Nous envoyons, si n\u00e9cessaire, des e-mails syst\u00e8me et relatifs aux services (par exemple, invitations, informations importantes relatives \u00e0 la s\u00e9curit\u00e9) \u00e0 l\u2019adresse de contact que vous avez utilis\u00e9e pour l\u2019utilisation de l\u2019application.<\/p>\n\n<p>Si nous vous envoyons, en tant que client existant, des informations sur nos propres produits ou services similaires, cela se fait uniquement dans le cadre l\u00e9galement autoris\u00e9 (par exemple, \u00a7 7, paragraphe 3 UWG) et avec une possibilit\u00e9 d\u2019opposition\/de d\u00e9sinscription \u00e0 tout moment. Ce faisant, nous n\u2019utilisons que l\u2019adresse e-mail comme adresse de contact ; les contenus\/r\u00e9sultats des requ\u00eates GA4\/BigQuery ou les jetons OAuth ne sont pas utilis\u00e9s \u00e0 cette fin ou transmis aux services d\u2019e-mail\/marketing. <\/p>\n\n<h3 class=\"wp-block-heading\" id=\"123-google-api-services-user-data-policy-%E2%80%93-limited-use\">12.3 Google API Services User Data Policy \u2013 Limited Use<\/h3>\n\n<p>Notre utilisation et notre divulgation des informations que nous recevons des API Google sont conformes \u00e0 la <strong>Google API Services User Data Policy<\/strong>, y compris les exigences relatives \u00e0 la <strong>Limited Use<\/strong>.<\/p>\n\n<hr class=\"wp-block-separator has-alpha-channel-opacity\"\/>\n\n<h2 class=\"wp-block-heading\" id=\"13-%C3%A4nderungen-dieser-datenschutzerkl%C3%A4rung\">13) Modifications de cette d\u00e9claration de confidentialit\u00e9<\/h2>\n\n<p>Nous nous r\u00e9servons le droit d\u2019adapter cette d\u00e9claration de confidentialit\u00e9 afin de refl\u00e9ter les modifications juridiques, techniques ou organisationnelles.<\/p>\n","protected":false},"excerpt":{"rendered":"<p>1) Responsable Responsable au sens du RGPD : 2) Br\u00e8ve description de l\u2019application GA4 Auditor est une application web permettant d\u2019analyser les configurations Google Analytics 4 (GA4) et la qualit\u00e9 des donn\u00e9es. L\u2019application : L\u2019application n\u2019\u00e9crit aucune donn\u00e9e dans GA4 ou BigQuery et n\u2019apporte aucune modification aux configurations GA4. 3) Quelles donn\u00e9es traitons-nous ? 3.1&#8230;<\/p>\n","protected":false},"author":1,"featured_media":0,"parent":0,"menu_order":0,"comment_status":"closed","ping_status":"open","template":"","meta":{"_kad_blocks_custom_css":"","_kad_blocks_head_custom_js":"","_kad_blocks_body_custom_js":"","_kad_blocks_footer_custom_js":"","_kadence_starter_templates_imported_post":false,"_swpsp_post_exclude":false,"_kad_post_transparent":"","_kad_post_title":"","_kad_post_layout":"","_kad_post_sidebar_id":"","_kad_post_content_style":"","_kad_post_vertical_padding":"","_kad_post_feature":"","_kad_post_feature_position":"","_kad_post_header":false,"_kad_post_footer":false,"_kad_post_classname":"","slim_seo":{"title":"D\u00e9claration de confidentialit\u00e9 - GA4 Auditor","description":"1) Responsable Responsable au sens du RGPD : 2) Br\u00e8ve description de l\u2019application GA4 Auditor est une application web permettant d\u2019analyser les configurations"},"footnotes":""},"class_list":["post-174","page","type-page","status-publish","hentry"],"taxonomy_info":[],"featured_image_src_large":false,"author_info":{"display_name":"Bernhard Prange","author_link":"https:\/\/ga4-auditor.dev\/fr\/author\/masterben\/"},"comment_info":0,"_links":{"self":[{"href":"https:\/\/ga4-auditor.dev\/fr\/wp-json\/wp\/v2\/pages\/174","targetHints":{"allow":["GET"]}}],"collection":[{"href":"https:\/\/ga4-auditor.dev\/fr\/wp-json\/wp\/v2\/pages"}],"about":[{"href":"https:\/\/ga4-auditor.dev\/fr\/wp-json\/wp\/v2\/types\/page"}],"author":[{"embeddable":true,"href":"https:\/\/ga4-auditor.dev\/fr\/wp-json\/wp\/v2\/users\/1"}],"replies":[{"embeddable":true,"href":"https:\/\/ga4-auditor.dev\/fr\/wp-json\/wp\/v2\/comments?post=174"}],"version-history":[{"count":1,"href":"https:\/\/ga4-auditor.dev\/fr\/wp-json\/wp\/v2\/pages\/174\/revisions"}],"predecessor-version":[{"id":175,"href":"https:\/\/ga4-auditor.dev\/fr\/wp-json\/wp\/v2\/pages\/174\/revisions\/175"}],"wp:attachment":[{"href":"https:\/\/ga4-auditor.dev\/fr\/wp-json\/wp\/v2\/media?parent=174"}],"curies":[{"name":"wp","href":"https:\/\/api.w.org\/{rel}","templated":true}]}}